{"id":857,"date":"2025-08-01T08:09:35","date_gmt":"2025-08-01T08:09:35","guid":{"rendered":"https:\/\/staging.detsocialfagligehus.dk\/?page_id=857"},"modified":"2025-09-04T07:48:09","modified_gmt":"2025-09-04T07:48:09","slug":"praktisk-paedagogisk-stotte","status":"publish","type":"page","link":"https:\/\/detsocialfagligehus.dk\/index.php\/praktisk-paedagogisk-stotte\/","title":{"rendered":"Praktisk p\u00e6dagogisk st\u00f8tte"},"content":{"rendered":"<p>[et_pb_section fb_built=&#8221;1&#8243; custom_padding_last_edited=&#8221;on|desktop&#8221; _builder_version=&#8221;4.27.4&#8243; _module_preset=&#8221;d2fd2ae2-7b4c-4322-a55b-aaaf032abb7f&#8221; custom_margin=&#8221;50px||||false|false&#8221; custom_margin_tablet=&#8221;50px||||false|false&#8221; custom_margin_phone=&#8221;0px||||false|false&#8221; custom_margin_last_edited=&#8221;on|phone&#8221; custom_padding=&#8221;|60px|3px|60px|false|true&#8221; custom_padding_tablet=&#8221;|20px||20px|false|true&#8221; custom_padding_phone=&#8221;100px|20px||20px|false|true&#8221; global_colors_info=&#8221;{}&#8221;][et_pb_row column_structure=&#8221;3_5,2_5&#8243; use_custom_gutter=&#8221;on&#8221; gutter_width=&#8221;1&#8243; _builder_version=&#8221;4.27.4&#8243; _module_preset=&#8221;bceb3ed4-4e0c-4674-bbd8-d44d028d42d5&#8243; custom_padding=&#8221;0px|0px|112px|0px|false|true&#8221; custom_padding_tablet=&#8221;0px|0px|100px|0px|false|true&#8221; custom_padding_phone=&#8221;0px|0px|100px|0px|false|true&#8221; global_colors_info=&#8221;{}&#8221;][et_pb_column type=&#8221;3_5&#8243; _builder_version=&#8221;4.27.4&#8243; _module_preset=&#8221;9f828d95-e2df-46f1-af71-31cdf736fc78&#8243; background_color=&#8221;#FFFDF7&#8243; custom_padding=&#8221;0px|0px|0px|60px|true|false&#8221; custom_padding_tablet=&#8221;0px|60px|0px|60px|false|true&#8221; custom_padding_phone=&#8221;0px|20px|0px|20px|false|true&#8221; custom_padding_last_edited=&#8221;on|phone&#8221; global_colors_info=&#8221;{}&#8221;][et_pb_heading title=&#8221;Praktisk p\u00e6dagogisk&#8221; _builder_version=&#8221;4.27.4&#8243; _module_preset=&#8221;487cc978-d8e5-48fa-853b-61d1da7e139c&#8221; title_level=&#8221;h1&#8243; title_font=&#8221;&#8211;et_global_heading_font|600|||||||&#8221; title_text_align=&#8221;left&#8221; title_font_size=&#8221;50px&#8221; custom_margin=&#8221;0px||0px||false|false&#8221; custom_margin_tablet=&#8221;||20px||false|false&#8221; custom_margin_phone=&#8221;50px||-20px||false|false&#8221; custom_margin_last_edited=&#8221;on|tablet&#8221; title_font_size_tablet=&#8221;48px&#8221; title_font_size_phone=&#8221;40px&#8221; title_font_size_last_edited=&#8221;on|phone&#8221; global_colors_info=&#8221;{}&#8221;][\/et_pb_heading][et_pb_heading title=&#8221;Praktisk p\u00e6dagogisk st\u00f8tte jf. BL \u00a7 32 stk 1, nr 2&#8243; _builder_version=&#8221;4.27.4&#8243; _module_preset=&#8221;487cc978-d8e5-48fa-853b-61d1da7e139c&#8221; title_font=&#8221;&#8211;et_global_heading_font|600|||||||&#8221; title_text_align=&#8221;left&#8221; title_font_size=&#8221;30px&#8221; custom_margin=&#8221;9px||0px||false|false&#8221; custom_margin_tablet=&#8221;||||false|false&#8221; custom_margin_phone=&#8221;50px||||false|false&#8221; custom_margin_last_edited=&#8221;on|desktop&#8221; custom_padding=&#8221;||7px|||&#8221; hover_enabled=&#8221;0&#8243; title_font_size_tablet=&#8221;&#8221; title_font_size_phone=&#8221;23px&#8221; title_font_size_last_edited=&#8221;on|phone&#8221; global_colors_info=&#8221;{}&#8221; sticky_enabled=&#8221;0&#8243;][\/et_pb_heading][et_pb_text _builder_version=&#8221;4.27.4&#8243; _module_preset=&#8221;ca2aa932-8532-4055-8817-3fbc722b6418&#8243; custom_margin=&#8221;42px|||||&#8221; custom_padding=&#8221;||4px|||&#8221; global_colors_info=&#8221;{}&#8221;]<\/p>\n<p data-start=\"72\" data-end=\"245\"><strong data-start=\"72\" data-end=\"154\">Hylleholt Familiefokus yder praktisk p\u00e6dagogisk st\u00f8tte i hjemmet til familien.<\/strong><br data-start=\"154\" data-end=\"157\" \/>St\u00f8tten har en r\u00e5dgivende og anvisende karakter og tager udgangspunkt i familiens behov.<\/p>\n<p data-start=\"247\" data-end=\"303\"><strong data-start=\"247\" data-end=\"303\">Praktisk p\u00e6dagogisk st\u00f8tte kan blandt andet omfatte:<\/strong><\/p>\n<ul data-start=\"305\" data-end=\"513\">\n<li data-start=\"305\" data-end=\"348\">\n<p data-start=\"307\" data-end=\"348\">Hj\u00e6lp til at skabe struktur i hverdagen<\/p>\n<\/li>\n<li data-start=\"349\" data-end=\"393\">\n<p data-start=\"351\" data-end=\"393\">St\u00f8tte til almindelige praktiske g\u00f8rem\u00e5l<\/p>\n<\/li>\n<li data-start=\"394\" data-end=\"450\">\n<p data-start=\"396\" data-end=\"450\">Hj\u00e6lp til at barnet kommer i skole eller institution<\/p>\n<\/li>\n<li data-start=\"451\" data-end=\"490\">\n<p data-start=\"453\" data-end=\"490\">St\u00f8tte til h\u00e5ndtering af konflikter<\/p>\n<\/li>\n<li data-start=\"491\" data-end=\"513\">\n<p data-start=\"493\" data-end=\"513\">\u00d8konomisk r\u00e5dgivning<\/p>\n<\/li>\n<\/ul>\n<div class=\"et_pb_text_inner\">\n<div data-shortcode-id=\"2.1.1.0-1752412270845\" data-quickaccess-editable=\"yes\" class=\"et-fb-popover-tinymce\">\n<div class=\"mce-content-body\" contenteditable=\"true\" style=\"position: relative;\">\n<p><strong><\/strong><\/p>\n<p><strong>Hylleholt Familiehus<\/strong> er den sikre partner for kommuner, der har brug for hurtige og kvalificerede d\u00f8gnpladser &#8211; b\u00e5de til akutte observationer og l\u00e6ngerevarende behandlingsforl\u00f8b.<\/p>\n<\/div>\n<\/div>\n<\/div>\n<p>[\/et_pb_text][et_pb_button button_url=&#8221;https:\/\/detsocialfagligehus.dk\/index.php\/119-2\/&#8221; button_text=&#8221;Kontakt os&#8221; button_alignment=&#8221;left&#8221; _builder_version=&#8221;4.27.4&#8243; _module_preset=&#8221;6a2f9984-60b2-4367-a687-4e738bd352a2&#8243; custom_margin_tablet=&#8221;||50px||false|false&#8221; custom_margin_phone=&#8221;||50px||false|false&#8221; custom_margin_last_edited=&#8221;on|tablet&#8221; global_colors_info=&#8221;{}&#8221;][\/et_pb_button][\/et_pb_column][et_pb_column type=&#8221;2_5&#8243; _builder_version=&#8221;4.27.4&#8243; _module_preset=&#8221;9f828d95-e2df-46f1-af71-31cdf736fc78&#8243; background_color=&#8221;#FFFDF7&#8243; custom_padding=&#8221;0px|60px|0px|60px|true|true&#8221; global_colors_info=&#8221;{}&#8221;][et_pb_image src=&#8221;https:\/\/detsocialfagligehus.dk\/wp-content\/uploads\/2025\/08\/Bornefaglig-undersogelse.webp&#8221; alt=&#8221;B\u00f8rnefaglig unders\u00f8gelse&#8221; title_text=&#8221;B\u00f8rnefaglig unders\u00f8gelse&#8221; _builder_version=&#8221;4.27.4&#8243; _module_preset=&#8221;default&#8221; border_radii=&#8221;on|20px|20px|20px|20px&#8221; global_colors_info=&#8221;{}&#8221;][\/et_pb_image][\/et_pb_column][\/et_pb_row][\/et_pb_section]<\/p>\n","protected":false},"excerpt":{"rendered":"<p>Hylleholt Familiefokus yder praktisk p\u00e6dagogisk st\u00f8tte i hjemmet til familien.St\u00f8tten har en r\u00e5dgivende og anvisende karakter og tager udgangspunkt i familiens behov. Praktisk p\u00e6dagogisk st\u00f8tte kan blandt andet omfatte: Hj\u00e6lp til at skabe struktur i hverdagen St\u00f8tte til almindelige praktiske g\u00f8rem\u00e5l Hj\u00e6lp til at barnet kommer i skole eller institution St\u00f8tte til h\u00e5ndtering af konflikter [&hellip;]<\/p>\n","protected":false},"author":1,"featured_media":0,"parent":0,"menu_order":0,"comment_status":"closed","ping_status":"closed","template":"","meta":{"_et_pb_use_builder":"on","_et_pb_old_content":"","_et_gb_content_width":"","footnotes":""},"class_list":["post-857","page","type-page","status-publish","hentry"],"yoast_head":"<!-- This site is optimized with the Yoast SEO plugin v25.5 - https:\/\/yoast.com\/wordpress\/plugins\/seo\/ -->\n<title>Praktisk p\u00e6dagogisk st\u00f8tte - Hylleholt Familiefokus<\/title>\n<meta name=\"robots\" content=\"index, follow, max-snippet:-1, max-image-preview:large, max-video-preview:-1\" \/>\n<link rel=\"canonical\" href=\"https:\/\/detsocialfagligehus.dk\/index.php\/praktisk-paedagogisk-stotte\/\" \/>\n<meta property=\"og:locale\" content=\"en_US\" \/>\n<meta property=\"og:type\" content=\"article\" \/>\n<meta property=\"og:title\" content=\"Praktisk p\u00e6dagogisk st\u00f8tte - Hylleholt Familiefokus\" \/>\n<meta property=\"og:description\" content=\"Hylleholt Familiefokus yder praktisk p\u00e6dagogisk st\u00f8tte i hjemmet til familien.St\u00f8tten har en r\u00e5dgivende og anvisende karakter og tager udgangspunkt i familiens behov. Praktisk p\u00e6dagogisk st\u00f8tte kan blandt andet omfatte: Hj\u00e6lp til at skabe struktur i hverdagen St\u00f8tte til almindelige praktiske g\u00f8rem\u00e5l Hj\u00e6lp til at barnet kommer i skole eller institution St\u00f8tte til h\u00e5ndtering af konflikter [&hellip;]\" \/>\n<meta property=\"og:url\" content=\"https:\/\/detsocialfagligehus.dk\/index.php\/praktisk-paedagogisk-stotte\/\" \/>\n<meta property=\"og:site_name\" content=\"Hylleholt Familiefokus\" \/>\n<meta property=\"article:modified_time\" content=\"2025-09-04T07:48:09+00:00\" \/>\n<meta name=\"twitter:card\" content=\"summary_large_image\" \/>\n<meta name=\"twitter:label1\" content=\"Est. reading time\" \/>\n\t<meta name=\"twitter:data1\" content=\"3 minutes\" \/>\n<script type=\"application\/ld+json\" class=\"yoast-schema-graph\">{\"@context\":\"https:\/\/schema.org\",\"@graph\":[{\"@type\":\"WebPage\",\"@id\":\"https:\/\/detsocialfagligehus.dk\/index.php\/praktisk-paedagogisk-stotte\/\",\"url\":\"https:\/\/detsocialfagligehus.dk\/index.php\/praktisk-paedagogisk-stotte\/\",\"name\":\"Praktisk p\u00e6dagogisk st\u00f8tte - Hylleholt Familiefokus\",\"isPartOf\":{\"@id\":\"https:\/\/detsocialfagligehus.dk\/#website\"},\"datePublished\":\"2025-08-01T08:09:35+00:00\",\"dateModified\":\"2025-09-04T07:48:09+00:00\",\"breadcrumb\":{\"@id\":\"https:\/\/detsocialfagligehus.dk\/index.php\/praktisk-paedagogisk-stotte\/#breadcrumb\"},\"inLanguage\":\"en-US\",\"potentialAction\":[{\"@type\":\"ReadAction\",\"target\":[\"https:\/\/detsocialfagligehus.dk\/index.php\/praktisk-paedagogisk-stotte\/\"]}]},{\"@type\":\"BreadcrumbList\",\"@id\":\"https:\/\/detsocialfagligehus.dk\/index.php\/praktisk-paedagogisk-stotte\/#breadcrumb\",\"itemListElement\":[{\"@type\":\"ListItem\",\"position\":1,\"name\":\"Home\",\"item\":\"https:\/\/detsocialfagligehus.dk\/\"},{\"@type\":\"ListItem\",\"position\":2,\"name\":\"Praktisk p\u00e6dagogisk st\u00f8tte\"}]},{\"@type\":\"WebSite\",\"@id\":\"https:\/\/detsocialfagligehus.dk\/#website\",\"url\":\"https:\/\/detsocialfagligehus.dk\/\",\"name\":\"Hylleholt Familiefokus\",\"description\":\"\",\"potentialAction\":[{\"@type\":\"SearchAction\",\"target\":{\"@type\":\"EntryPoint\",\"urlTemplate\":\"https:\/\/detsocialfagligehus.dk\/?s={search_term_string}\"},\"query-input\":{\"@type\":\"PropertyValueSpecification\",\"valueRequired\":true,\"valueName\":\"search_term_string\"}}],\"inLanguage\":\"en-US\"}]}<\/script>\n<!-- \/ Yoast SEO plugin. -->","yoast_head_json":{"title":"Praktisk p\u00e6dagogisk st\u00f8tte - Hylleholt Familiefokus","robots":{"index":"index","follow":"follow","max-snippet":"max-snippet:-1","max-image-preview":"max-image-preview:large","max-video-preview":"max-video-preview:-1"},"canonical":"https:\/\/detsocialfagligehus.dk\/index.php\/praktisk-paedagogisk-stotte\/","og_locale":"en_US","og_type":"article","og_title":"Praktisk p\u00e6dagogisk st\u00f8tte - Hylleholt Familiefokus","og_description":"Hylleholt Familiefokus yder praktisk p\u00e6dagogisk st\u00f8tte i hjemmet til familien.St\u00f8tten har en r\u00e5dgivende og anvisende karakter og tager udgangspunkt i familiens behov. Praktisk p\u00e6dagogisk st\u00f8tte kan blandt andet omfatte: Hj\u00e6lp til at skabe struktur i hverdagen St\u00f8tte til almindelige praktiske g\u00f8rem\u00e5l Hj\u00e6lp til at barnet kommer i skole eller institution St\u00f8tte til h\u00e5ndtering af konflikter [&hellip;]","og_url":"https:\/\/detsocialfagligehus.dk\/index.php\/praktisk-paedagogisk-stotte\/","og_site_name":"Hylleholt Familiefokus","article_modified_time":"2025-09-04T07:48:09+00:00","twitter_card":"summary_large_image","twitter_misc":{"Est. reading time":"3 minutes"},"schema":{"@context":"https:\/\/schema.org","@graph":[{"@type":"WebPage","@id":"https:\/\/detsocialfagligehus.dk\/index.php\/praktisk-paedagogisk-stotte\/","url":"https:\/\/detsocialfagligehus.dk\/index.php\/praktisk-paedagogisk-stotte\/","name":"Praktisk p\u00e6dagogisk st\u00f8tte - Hylleholt Familiefokus","isPartOf":{"@id":"https:\/\/detsocialfagligehus.dk\/#website"},"datePublished":"2025-08-01T08:09:35+00:00","dateModified":"2025-09-04T07:48:09+00:00","breadcrumb":{"@id":"https:\/\/detsocialfagligehus.dk\/index.php\/praktisk-paedagogisk-stotte\/#breadcrumb"},"inLanguage":"en-US","potentialAction":[{"@type":"ReadAction","target":["https:\/\/detsocialfagligehus.dk\/index.php\/praktisk-paedagogisk-stotte\/"]}]},{"@type":"BreadcrumbList","@id":"https:\/\/detsocialfagligehus.dk\/index.php\/praktisk-paedagogisk-stotte\/#breadcrumb","itemListElement":[{"@type":"ListItem","position":1,"name":"Home","item":"https:\/\/detsocialfagligehus.dk\/"},{"@type":"ListItem","position":2,"name":"Praktisk p\u00e6dagogisk st\u00f8tte"}]},{"@type":"WebSite","@id":"https:\/\/detsocialfagligehus.dk\/#website","url":"https:\/\/detsocialfagligehus.dk\/","name":"Hylleholt Familiefokus","description":"","potentialAction":[{"@type":"SearchAction","target":{"@type":"EntryPoint","urlTemplate":"https:\/\/detsocialfagligehus.dk\/?s={search_term_string}"},"query-input":{"@type":"PropertyValueSpecification","valueRequired":true,"valueName":"search_term_string"}}],"inLanguage":"en-US"}]}},"_links":{"self":[{"href":"https:\/\/detsocialfagligehus.dk\/index.php\/wp-json\/wp\/v2\/pages\/857","targetHints":{"allow":["GET"]}}],"collection":[{"href":"https:\/\/detsocialfagligehus.dk\/index.php\/wp-json\/wp\/v2\/pages"}],"about":[{"href":"https:\/\/detsocialfagligehus.dk\/index.php\/wp-json\/wp\/v2\/types\/page"}],"author":[{"embeddable":true,"href":"https:\/\/detsocialfagligehus.dk\/index.php\/wp-json\/wp\/v2\/users\/1"}],"replies":[{"embeddable":true,"href":"https:\/\/detsocialfagligehus.dk\/index.php\/wp-json\/wp\/v2\/comments?post=857"}],"version-history":[{"count":19,"href":"https:\/\/detsocialfagligehus.dk\/index.php\/wp-json\/wp\/v2\/pages\/857\/revisions"}],"predecessor-version":[{"id":1264,"href":"https:\/\/detsocialfagligehus.dk\/index.php\/wp-json\/wp\/v2\/pages\/857\/revisions\/1264"}],"wp:attachment":[{"href":"https:\/\/detsocialfagligehus.dk\/index.php\/wp-json\/wp\/v2\/media?parent=857"}],"curies":[{"name":"wp","href":"https:\/\/api.w.org\/{rel}","templated":true}]}}